{"id":89,"date":"2024-02-29T18:04:04","date_gmt":"2024-02-29T17:04:04","guid":{"rendered":"http:\/\/www.inari-conseils.fr\/?page_id=89"},"modified":"2024-10-25T13:27:39","modified_gmt":"2024-10-25T11:27:39","slug":"contacts","status":"publish","type":"page","link":"https:\/\/www.inari-conseils.fr\/index.php\/contacts\/","title":{"rendered":"Contact"},"content":{"rendered":"\n<div class=\"wp-block-columns is-layout-flex wp-container-core-columns-is-layout-28f84493 wp-block-columns-is-layout-flex\">\n<div class=\"wp-block-column is-layout-flow wp-block-column-is-layout-flow\">\n<div class=\"wp-block-cover\"><span aria-hidden=\"true\" class=\"wp-block-cover__background has-background-dim\" style=\"background-color:#5a544e\"><\/span><img loading=\"lazy\" decoding=\"async\" width=\"1333\" height=\"2000\" class=\"wp-block-cover__image-background wp-image-224\" alt=\"\" src=\"https:\/\/www.inari-conseils.fr\/wp-content\/uploads\/2024\/10\/veni-verdi-\u00a9marinebrusson-34.jpg\" data-object-fit=\"cover\" srcset=\"https:\/\/www.inari-conseils.fr\/wp-content\/uploads\/2024\/10\/veni-verdi-\u00a9marinebrusson-34.jpg 1333w, https:\/\/www.inari-conseils.fr\/wp-content\/uploads\/2024\/10\/veni-verdi-\u00a9marinebrusson-34-200x300.jpg 200w, https:\/\/www.inari-conseils.fr\/wp-content\/uploads\/2024\/10\/veni-verdi-\u00a9marinebrusson-34-682x1024.jpg 682w, https:\/\/www.inari-conseils.fr\/wp-content\/uploads\/2024\/10\/veni-verdi-\u00a9marinebrusson-34-768x1152.jpg 768w, https:\/\/www.inari-conseils.fr\/wp-content\/uploads\/2024\/10\/veni-verdi-\u00a9marinebrusson-34-1024x1536.jpg 1024w\" sizes=\"auto, (max-width: 1333px) 100vw, 1333px\" \/><div class=\"wp-block-cover__inner-container is-layout-flow wp-block-cover-is-layout-flow\">\n<p><\/p>\n\n\n\n<p><\/p>\n\n\n\n<p><\/p>\n\n\n\n<p><\/p>\n\n\n\n<p><\/p>\n\n\n\n<p style=\"font-size:7px\"><\/p>\n<\/div><\/div>\n<\/div>\n\n\n\n<div class=\"wp-block-column is-layout-flow wp-block-column-is-layout-flow\">\n<p class=\"has-small-font-size\">Si vous souhaitez en savoir plus, discuter d&#8217;une \u00e9ventuelle collaboration ou obtenir le dossier de mes r\u00e9f\u00e9rences, voici mon contact : <\/p>\n\n\n\n<p style=\"font-size:16px\"> Email : margot-lysduval@live.fr<\/p>\n\n\n\n<p><\/p>\n\n\n\n<ul class=\"wp-block-social-links alignleft has-icon-color is-style-logos-only is-content-justification-center is-layout-flex wp-container-core-social-links-is-layout-bff44594 wp-block-social-links-is-layout-flex\" style=\"margin-top:0;margin-right:0;margin-bottom:0;margin-left:0\"><li style=\"color:#f7b7f4;\" class=\"wp-social-link wp-social-link-linkedin  wp-block-social-link\"><a href=\"https:\/\/www.linkedin.com\/in\/margot-lys-duval-105a606a\" class=\"wp-block-social-link-anchor\"><svg width=\"24\" height=\"24\" viewBox=\"0 0 24 24\" version=\"1.1\" xmlns=\"http:\/\/www.w3.org\/2000\/svg\" aria-hidden=\"true\" focusable=\"false\"><path d=\"M19.7,3H4.3C3.582,3,3,3.582,3,4.3v15.4C3,20.418,3.582,21,4.3,21h15.4c0.718,0,1.3-0.582,1.3-1.3V4.3 C21,3.582,20.418,3,19.7,3z M8.339,18.338H5.667v-8.59h2.672V18.338z M7.004,8.574c-0.857,0-1.549-0.694-1.549-1.548 c0-0.855,0.691-1.548,1.549-1.548c0.854,0,1.547,0.694,1.547,1.548C8.551,7.881,7.858,8.574,7.004,8.574z M18.339,18.338h-2.669 v-4.177c0-0.996-0.017-2.278-1.387-2.278c-1.389,0-1.601,1.086-1.601,2.206v4.249h-2.667v-8.59h2.559v1.174h0.037 c0.356-0.675,1.227-1.387,2.526-1.387c2.703,0,3.203,1.779,3.203,4.092V18.338z\"><\/path><\/svg><span class=\"wp-block-social-link-label screen-reader-text\">LinkedIn<\/span><\/a><\/li><\/ul>\n<\/div>\n<\/div>\n\n\n\n<p style=\"font-size:9px\">        Veni-Verdi-\u00a9MarineBrusson<\/p>\n","protected":false},"excerpt":{"rendered":"<p>Si vous souhaitez en savoir plus, discuter d&#8217;une \u00e9ventuelle collaboration ou obtenir le dossier de mes r\u00e9f\u00e9rences, voici mon contact : Email : margot-lysduval@live.fr Veni-Verdi-\u00a9MarineBrusson<\/p>\n","protected":false},"author":1,"featured_media":0,"parent":0,"menu_order":0,"comment_status":"closed","ping_status":"closed","template":"","meta":{"footnotes":""},"class_list":["post-89","page","type-page","status-publish","hentry"],"_links":{"self":[{"href":"https:\/\/www.inari-conseils.fr\/index.php\/wp-json\/wp\/v2\/pages\/89","targetHints":{"allow":["GET"]}}],"collection":[{"href":"https:\/\/www.inari-conseils.fr\/index.php\/wp-json\/wp\/v2\/pages"}],"about":[{"href":"https:\/\/www.inari-conseils.fr\/index.php\/wp-json\/wp\/v2\/types\/page"}],"author":[{"embeddable":true,"href":"https:\/\/www.inari-conseils.fr\/index.php\/wp-json\/wp\/v2\/users\/1"}],"replies":[{"embeddable":true,"href":"https:\/\/www.inari-conseils.fr\/index.php\/wp-json\/wp\/v2\/comments?post=89"}],"version-history":[{"count":19,"href":"https:\/\/www.inari-conseils.fr\/index.php\/wp-json\/wp\/v2\/pages\/89\/revisions"}],"predecessor-version":[{"id":258,"href":"https:\/\/www.inari-conseils.fr\/index.php\/wp-json\/wp\/v2\/pages\/89\/revisions\/258"}],"wp:attachment":[{"href":"https:\/\/www.inari-conseils.fr\/index.php\/wp-json\/wp\/v2\/media?parent=89"}],"curies":[{"name":"wp","href":"https:\/\/api.w.org\/{rel}","templated":true}]}}