{"id":54,"date":"2024-02-29T15:54:11","date_gmt":"2024-02-29T14:54:11","guid":{"rendered":"http:\/\/www.inari-conseils.fr\/?page_id=54"},"modified":"2024-10-25T13:09:30","modified_gmt":"2024-10-25T11:09:30","slug":"mes-experiences-2","status":"publish","type":"page","link":"https:\/\/www.inari-conseils.fr\/index.php\/mes-experiences-2\/","title":{"rendered":"Mes r\u00e9f\u00e9rences"},"content":{"rendered":"\n<h2 class=\"wp-block-heading has-text-align-center\" style=\"margin-top:0;margin-right:0;margin-bottom:0;margin-left:0;padding-top:0;padding-right:var(--wp--preset--spacing--50);padding-bottom:0;padding-left:var(--wp--preset--spacing--50);font-size:31px\">Un \u00e9chantillon de missions r\u00e9alis\u00e9es<\/h2>\n\n\n\n<figure class=\"wp-block-image aligncenter size-full is-resized\"><img loading=\"lazy\" decoding=\"async\" width=\"309\" height=\"547\" src=\"https:\/\/www.inari-conseils.fr\/wp-content\/uploads\/2024\/10\/Capture-decran-2024-10-23-102558-2.png\" alt=\"\" class=\"wp-image-241\" style=\"width:179px;height:auto\" srcset=\"https:\/\/www.inari-conseils.fr\/wp-content\/uploads\/2024\/10\/Capture-decran-2024-10-23-102558-2.png 309w, https:\/\/www.inari-conseils.fr\/wp-content\/uploads\/2024\/10\/Capture-decran-2024-10-23-102558-2-169x300.png 169w\" sizes=\"auto, (max-width: 309px) 100vw, 309px\" \/><\/figure>\n\n\n\n<p class=\"has-text-align-center\" style=\"font-size:9px\">Croque Ta Ville<\/p>\n\n\n\n<p class=\"has-text-align-center\" style=\"font-size:19px\"><strong>Accompagnement au montage d&#8217;un projet de maraichage agro\u00e9cologique au sein d\u2019une \u00e9cole de cuisine &#8211; laur\u00e9at Parisculteurs IV<\/strong><\/p>\n\n\n\n<p style=\"font-size:14px\">Structure : Association Croque Ta Ville<br>Projet : Le Lopin<br>Date : 2021<br>Localisation  : CEPROC &#8211; Paris 19<\/p>\n\n\n\n<p style=\"font-size:14px\">Besoin : concevoir un projet d&#8217;agriculture urbaine p\u00e9dagogique et productif de 300 m\u00b2 hors sol et en toiture<\/p>\n\n\n\n<p style=\"font-size:14px\"><br>Missions : \u00e9laboration et dimension du projet pour r\u00e9pondre \u00e0 l&#8217;appel \u00e0 projets Parisculteurs IV<br>M\u00e9thodologie : <br>Programmation de modules d&#8217;accompagnement :<br>&#8211; d\u00e9finition du projet \u00e0 l&#8217;aide d&#8217;outils d&#8217;aides \u00e0 la d\u00e9cision<br>&#8211; int\u00e9gration dans l&#8217;\u00e9cosyst\u00e8me d&#8217;acteurs <br>&#8211; design et am\u00e9nagements du lieu<br>&#8211; syst\u00e8me de production et offre p\u00e9dagogique<br>&#8211; mod\u00e8le socio-\u00e9conomique et planning pr\u00e9visionnel   <\/p>\n\n\n\n<p style=\"font-size:14px\">Livrable : production du dossier de pr\u00e9sentation <\/p>\n\n\n\n<p><\/p>\n\n\n\n<figure class=\"wp-block-image aligncenter size-large is-resized\"><img loading=\"lazy\" decoding=\"async\" width=\"1024\" height=\"683\" src=\"https:\/\/www.inari-conseils.fr\/wp-content\/uploads\/2024\/10\/pexels-eva-bronzini-5503193-1024x683.jpg\" alt=\"\" class=\"wp-image-243\" style=\"width:447px;height:auto\" srcset=\"https:\/\/www.inari-conseils.fr\/wp-content\/uploads\/2024\/10\/pexels-eva-bronzini-5503193-1024x683.jpg 1024w, https:\/\/www.inari-conseils.fr\/wp-content\/uploads\/2024\/10\/pexels-eva-bronzini-5503193-300x200.jpg 300w, https:\/\/www.inari-conseils.fr\/wp-content\/uploads\/2024\/10\/pexels-eva-bronzini-5503193-768x512.jpg 768w, https:\/\/www.inari-conseils.fr\/wp-content\/uploads\/2024\/10\/pexels-eva-bronzini-5503193-1536x1024.jpg 1536w, https:\/\/www.inari-conseils.fr\/wp-content\/uploads\/2024\/10\/pexels-eva-bronzini-5503193-2048x1365.jpg 2048w\" sizes=\"auto, (max-width: 1024px) 100vw, 1024px\" \/><\/figure>\n\n\n\n<p class=\"has-text-align-center\" style=\"font-size:19px\"><strong>Etude de faisabilit\u00e9 technico-\u00e9conomique d&#8217;un laur\u00e9at de l&#8217; appel \u00e0 projets Quartiers Fertiles<\/strong><\/p>\n\n\n\n<p style=\"font-size:14px\">Commanditaire : ANRU<br>Structure : Hortibat<br>Date : 2023<br>Localisation : Saint Quentin en Yvelines <\/p>\n\n\n\n<p style=\"font-size:14px\">Besoin : consolider le mod\u00e8le \u00e9conomique d&#8217;un projet productif de de 2500 m\u00b2 avec un p\u00f4le animation et formation<\/p>\n\n\n\n<p style=\"font-size:14px\">Missions : \u00e9valuer la faisabilit\u00e9 technico-\u00e9conomique du projet de production , consolider le mod\u00e8le \u00e9conomique et aboutir \u00e0 un chiffrage proche du r\u00e9el<br>M\u00e9thodologie : <br>3 ateliers d&#8217;accompagnement : <br>&#8211; offre p\u00e9dagogique et ressources humaines<br>&#8211; strat\u00e9gie de production et de commercialisation<br>&#8211; mod\u00e8le \u00e9conomique<\/p>\n\n\n\n<p style=\"font-size:14px\">Livrables : cr\u00e9ation d\u2019outils de pilotage du projet (catalogue d\u2019animations, planning type, plan de cultures, budget pr\u00e9visionnel), une note de synth\u00e8se pour le projet, une note de synth\u00e8se pour le commanditaire<\/p>\n\n\n\n<figure class=\"wp-block-image aligncenter size-large is-resized\"><img loading=\"lazy\" decoding=\"async\" width=\"1024\" height=\"683\" src=\"https:\/\/www.inari-conseils.fr\/wp-content\/uploads\/2024\/10\/pexels-my-photo-album-1134062-1024x683.jpg\" alt=\"\" class=\"wp-image-244\" style=\"width:433px;height:auto\" srcset=\"https:\/\/www.inari-conseils.fr\/wp-content\/uploads\/2024\/10\/pexels-my-photo-album-1134062-1024x683.jpg 1024w, https:\/\/www.inari-conseils.fr\/wp-content\/uploads\/2024\/10\/pexels-my-photo-album-1134062-300x200.jpg 300w, https:\/\/www.inari-conseils.fr\/wp-content\/uploads\/2024\/10\/pexels-my-photo-album-1134062-768x512.jpg 768w, https:\/\/www.inari-conseils.fr\/wp-content\/uploads\/2024\/10\/pexels-my-photo-album-1134062-1536x1024.jpg 1536w, https:\/\/www.inari-conseils.fr\/wp-content\/uploads\/2024\/10\/pexels-my-photo-album-1134062-2048x1365.jpg 2048w\" sizes=\"auto, (max-width: 1024px) 100vw, 1024px\" \/><\/figure>\n\n\n\n<div class=\"wp-block-columns is-layout-flex wp-container-core-columns-is-layout-28f84493 wp-block-columns-is-layout-flex\">\n<div class=\"wp-block-column is-layout-flow wp-block-column-is-layout-flow\">\n<h2 class=\"wp-block-heading has-text-align-center has-ti-fg-color has-text-color has-link-color wp-elements-adfc40d31f6a248614b3c8870943dc85\" style=\"font-size:19px\"><strong>Accompagnement de 3 laur\u00e9ats de l&#8217;appel \u00e0 projets <\/strong>&#8220;Quartiers d&#8217;Avenir&#8221;<\/h2>\n<\/div>\n<\/div>\n\n\n\n<p style=\"font-size:14px\">Structure : Fondation Macif<br>Date : 2023<br>Localisation : Fecamp &#8211; Annecy &#8211; Vosges<\/p>\n\n\n\n<p style=\"font-size:14px\">Besoin : accompagnement technique de tiers-lieux alimentaires <\/p>\n\n\n\n<p style=\"font-size:14px\">Projets : <br>&#8211; Ateliers cuisine en itin\u00e9rance au sein des quartiers \u2013 Annecy<br>&#8211; Tiers lieu sur les sujets de transition \u2013 F\u00e9camp<br>&#8211; Potagers de quartier et ateliers jardinage, collecte et valorisation de biod\u00e9chets du quartier en lien avec territoire z\u00e9ro ch\u00f4meur \u2013 Vosges<\/p>\n\n\n\n<p style=\"font-size:14px\">Missions : appuyer la mise en place et la structuration des projets<br>M\u00e9thodologie : <br>&#8211; Formations collectives ( (culture de la coop\u00e9ration, mobilisation et autonomisation, mod\u00e8le \u00e9conomique et strat\u00e9gie financi\u00e8re, \u00e9valuation et impacts)<br>&#8211; Animation de s\u00e9minaires<br>&#8211; Accompagnements individuels<br><\/p>\n\n\n\n<p style=\"font-size:14px\">Livrables : fiches projets et note de synth\u00e8se<\/p>\n\n\n\n<figure class=\"wp-block-image aligncenter size-large is-resized\"><img loading=\"lazy\" decoding=\"async\" width=\"1024\" height=\"683\" src=\"https:\/\/www.inari-conseils.fr\/wp-content\/uploads\/2024\/10\/pexels-rachel-claire-5864220-1024x683.jpg\" alt=\"\" class=\"wp-image-248\" style=\"width:451px;height:auto\" srcset=\"https:\/\/www.inari-conseils.fr\/wp-content\/uploads\/2024\/10\/pexels-rachel-claire-5864220-1024x683.jpg 1024w, https:\/\/www.inari-conseils.fr\/wp-content\/uploads\/2024\/10\/pexels-rachel-claire-5864220-300x200.jpg 300w, https:\/\/www.inari-conseils.fr\/wp-content\/uploads\/2024\/10\/pexels-rachel-claire-5864220-768x512.jpg 768w, https:\/\/www.inari-conseils.fr\/wp-content\/uploads\/2024\/10\/pexels-rachel-claire-5864220-1536x1024.jpg 1536w, https:\/\/www.inari-conseils.fr\/wp-content\/uploads\/2024\/10\/pexels-rachel-claire-5864220-2048x1365.jpg 2048w\" sizes=\"auto, (max-width: 1024px) 100vw, 1024px\" \/><\/figure>\n\n\n\n<p class=\"has-text-align-center\" style=\"font-size:19px\"><strong>Etat des lieux d\u2019un projet d\u2019activit\u00e9s d\u2019agriculture urbaine et strat\u00e9gie de d\u00e9veloppement<\/strong><\/p>\n\n\n\n<p style=\"font-size:14px\">Structure : Association AJDB<br>Date : 2024<br>Localisation : Bagnolet<\/p>\n\n\n\n<p style=\"font-size:14px\">Projets : tiers lieu agri urbain, jardins partag\u00e9s, espaces verts et animations<\/p>\n\n\n\n<p style=\"font-size:14px\">Missions : <br>&#8211; Dresser un \u00e9tat des lieux du projet des 4 saisons<br>&#8211; Recommandations sur le plan d&#8217;actions 2025 et la strat\u00e9gie de recrutement<br>M\u00e9thodologie : <br>&#8211; Etudes documentaires et entretiens<br>&#8211; Analyse du tableau de bord financier<br>&#8211; Atelier collectif : p\u00f4les d&#8217;activit\u00e9s et ressources humaines<\/p>\n\n\n\n<p style=\"font-size:14px\">Livrables : <br>Note d&#8217;analyse comprenant un bilan des jardins et des ressources humaines, une red\u00e9finition des p\u00f4les d&#8217;activit\u00e9s et domaines d&#8217;expertises de la structure, un plan de recrutement et des livrables \u00e0 produire pour la p\u00e9rennit\u00e9 du projet<\/p>\n\n\n\n<p><\/p>\n","protected":false},"excerpt":{"rendered":"<p>Un \u00e9chantillon de missions r\u00e9alis\u00e9es Croque Ta Ville Accompagnement au montage d&#8217;un projet de maraichage agro\u00e9cologique au sein d\u2019une \u00e9cole de cuisine &#8211; laur\u00e9at Parisculteurs IV Structure : Association Croque Ta VilleProjet : Le LopinDate : 2021Localisation : CEPROC &#8211; Paris 19 Besoin : concevoir un projet d&#8217;agriculture urbaine p\u00e9dagogique et productif de 300 m\u00b2 [&hellip;]<\/p>\n","protected":false},"author":1,"featured_media":0,"parent":0,"menu_order":0,"comment_status":"closed","ping_status":"closed","template":"","meta":{"footnotes":""},"class_list":["post-54","page","type-page","status-publish","hentry"],"_links":{"self":[{"href":"https:\/\/www.inari-conseils.fr\/index.php\/wp-json\/wp\/v2\/pages\/54","targetHints":{"allow":["GET"]}}],"collection":[{"href":"https:\/\/www.inari-conseils.fr\/index.php\/wp-json\/wp\/v2\/pages"}],"about":[{"href":"https:\/\/www.inari-conseils.fr\/index.php\/wp-json\/wp\/v2\/types\/page"}],"author":[{"embeddable":true,"href":"https:\/\/www.inari-conseils.fr\/index.php\/wp-json\/wp\/v2\/users\/1"}],"replies":[{"embeddable":true,"href":"https:\/\/www.inari-conseils.fr\/index.php\/wp-json\/wp\/v2\/comments?post=54"}],"version-history":[{"count":28,"href":"https:\/\/www.inari-conseils.fr\/index.php\/wp-json\/wp\/v2\/pages\/54\/revisions"}],"predecessor-version":[{"id":249,"href":"https:\/\/www.inari-conseils.fr\/index.php\/wp-json\/wp\/v2\/pages\/54\/revisions\/249"}],"wp:attachment":[{"href":"https:\/\/www.inari-conseils.fr\/index.php\/wp-json\/wp\/v2\/media?parent=54"}],"curies":[{"name":"wp","href":"https:\/\/api.w.org\/{rel}","templated":true}]}}