{"id":52,"date":"2024-02-29T15:54:03","date_gmt":"2024-02-29T14:54:03","guid":{"rendered":"http:\/\/www.inari-conseils.fr\/?page_id=52"},"modified":"2024-10-28T12:09:45","modified_gmt":"2024-10-28T11:09:45","slug":"mes-prestations","status":"publish","type":"page","link":"https:\/\/www.inari-conseils.fr\/index.php\/mes-prestations\/","title":{"rendered":"Mes prestations"},"content":{"rendered":"\n<p><\/p>\n\n\n\n<p class=\"has-text-align-center has-normal-font-size\"><strong>Accompagnement<\/strong> \u00e0 la mise en \u0153uvre du projet<\/p>\n\n\n\n<p class=\"has-small-font-size\">A travers mon approche,  vous b\u00e9n\u00e9ficiez de conseils et appuis \u00e0 toutes les \u00e9tapes du projet : <\/p>\n\n\n\n<ul class=\"wp-block-list\">\n<li style=\"font-size:16px\">Diagnostic <\/li>\n\n\n\n<li style=\"font-size:16px\">D\u00e9finition et dimensionnement du projet <\/li>\n\n\n\n<li style=\"font-size:16px\">Mobilisation des acteurs et cadrage<\/li>\n\n\n\n<li style=\"font-size:16px\">Conception  du projet : am\u00e9nagement du lieu, projet de production, projet d&#8217;ouverture au public<\/li>\n\n\n\n<li style=\"font-size:16px\">Mod\u00e8le \u00e9conomique et \u00e9valuation du projet<\/li>\n\n\n\n<li style=\"font-size:16px\">Vie du projet : conseils techniques et accompagnement op\u00e9rationnel<\/li>\n<\/ul>\n\n\n\n<p class=\"has-text-align-center has-normal-font-size\"><strong>Formations<\/strong> pour monter en expertise et technicit\u00e9<\/p>\n\n\n\n<p class=\"has-small-font-size\">Les formations sont autant \u00e0 destination de futurs exploitants que d&#8217;\u00e9quipes de structures publiques ou priv\u00e9es qui souhaitent \u00e9largir leur champ de comp\u00e9tences.                                                                  Je propose un panel de th\u00e9matiques et cr\u00e9\u00e9e un contenu adapt\u00e9 \u00e0 la demande : <\/p>\n\n\n\n<ul class=\"wp-block-list\">\n<li class=\"has-small-font-size\">Montage d\u2019un projet d\u2019agriculture urbaine : m\u00e9thodologie et financements<\/li>\n\n\n\n<li class=\"has-small-font-size\">Int\u00e9grer l&#8217;\u00e9cosyst\u00e8me d&#8217;acteurs : identifier les besoins et acteurs locaux, impliquer les parties prenantes<\/li>\n\n\n\n<li class=\"has-small-font-size\">Analyser le potentiel agro technique d&#8217;un site <\/li>\n\n\n\n<li class=\"has-small-font-size\">Int\u00e9grer la d\u00e9marche permacole dans la conception de son lieu <\/li>\n\n\n\n<li class=\"has-small-font-size\">D\u00e9finir un syst\u00e8me de production adapt\u00e9 \u00e0 son projet<\/li>\n\n\n\n<li class=\"has-small-font-size\">D\u00e9finir son offre p\u00e9dagogique <\/li>\n\n\n\n<li class=\"has-small-font-size\">Elaborer son mod\u00e8le \u00e9conomique <\/li>\n<\/ul>\n\n\n\n<p class=\"has-small-font-size\">Des blocs th\u00e9matiques sp\u00e9cifiques  : <\/p>\n\n\n\n<ul class=\"wp-block-list\">\n<li style=\"font-size:16px\">Animations p\u00e9dagogiques participatives<\/li>\n\n\n\n<li style=\"font-size:16px\">Planification des cultures<\/li>\n\n\n\n<li style=\"font-size:16px\">Vie du sol et amendements<\/li>\n\n\n\n<li style=\"font-size:16px\">Mobilisation des publics et int\u00e9gration d\u2019un syst\u00e8me d\u2019acteurs<\/li>\n\n\n\n<li style=\"font-size:16px\">Mod\u00e8le \u00e9conomique en agriculture urbaine et suivi de projet.<\/li>\n<\/ul>\n\n\n\n<div class=\"wp-block-columns is-layout-flex wp-container-core-columns-is-layout-28f84493 wp-block-columns-is-layout-flex\">\n<div class=\"wp-block-column is-layout-flow wp-block-column-is-layout-flow\">\n<ul class=\"wp-block-list\"><\/ul>\n<\/div>\n<\/div>\n\n\n\n<h2 class=\"wp-block-heading has-ti-fg-color has-ti-bg-background-color has-text-color has-background has-link-color wp-elements-54e2c1b843dc3290d3f351742d41123b\" style=\"padding-top:0;padding-right:var(--wp--preset--spacing--30);padding-bottom:0;padding-left:var(--wp--preset--spacing--30);font-size:20px;font-style:italic;font-weight:900\"><strong>Un format adapt\u00e9 et personnalisable selon vos besoins<\/strong><\/h2>\n\n\n\n<p><\/p>\n","protected":false},"excerpt":{"rendered":"<p>Accompagnement \u00e0 la mise en \u0153uvre du projet A travers mon approche, vous b\u00e9n\u00e9ficiez de conseils et appuis \u00e0 toutes les \u00e9tapes du projet : Formations pour monter en expertise et technicit\u00e9 Les formations sont autant \u00e0 destination de futurs exploitants que d&#8217;\u00e9quipes de structures publiques ou priv\u00e9es qui souhaitent \u00e9largir leur champ de comp\u00e9tences. [&hellip;]<\/p>\n","protected":false},"author":1,"featured_media":0,"parent":0,"menu_order":0,"comment_status":"closed","ping_status":"closed","template":"","meta":{"footnotes":""},"class_list":["post-52","page","type-page","status-publish","hentry"],"_links":{"self":[{"href":"https:\/\/www.inari-conseils.fr\/index.php\/wp-json\/wp\/v2\/pages\/52","targetHints":{"allow":["GET"]}}],"collection":[{"href":"https:\/\/www.inari-conseils.fr\/index.php\/wp-json\/wp\/v2\/pages"}],"about":[{"href":"https:\/\/www.inari-conseils.fr\/index.php\/wp-json\/wp\/v2\/types\/page"}],"author":[{"embeddable":true,"href":"https:\/\/www.inari-conseils.fr\/index.php\/wp-json\/wp\/v2\/users\/1"}],"replies":[{"embeddable":true,"href":"https:\/\/www.inari-conseils.fr\/index.php\/wp-json\/wp\/v2\/comments?post=52"}],"version-history":[{"count":20,"href":"https:\/\/www.inari-conseils.fr\/index.php\/wp-json\/wp\/v2\/pages\/52\/revisions"}],"predecessor-version":[{"id":260,"href":"https:\/\/www.inari-conseils.fr\/index.php\/wp-json\/wp\/v2\/pages\/52\/revisions\/260"}],"wp:attachment":[{"href":"https:\/\/www.inari-conseils.fr\/index.php\/wp-json\/wp\/v2\/media?parent=52"}],"curies":[{"name":"wp","href":"https:\/\/api.w.org\/{rel}","templated":true}]}}