{"id":50,"date":"2024-02-29T15:53:47","date_gmt":"2024-02-29T14:53:47","guid":{"rendered":"http:\/\/www.inari-conseils.fr\/?page_id=50"},"modified":"2024-10-25T13:21:00","modified_gmt":"2024-10-25T11:21:00","slug":"qui-suis-je","status":"publish","type":"page","link":"https:\/\/www.inari-conseils.fr\/index.php\/qui-suis-je\/","title":{"rendered":"Qui suis-je ?"},"content":{"rendered":"\n<div class=\"wp-block-columns is-layout-flex wp-container-core-columns-is-layout-28f84493 wp-block-columns-is-layout-flex\">\n<div class=\"wp-block-column is-layout-flow wp-block-column-is-layout-flow\">\n<figure class=\"wp-block-image size-large\"><img loading=\"lazy\" decoding=\"async\" width=\"837\" height=\"1024\" src=\"http:\/\/www.inari-conseils.fr\/wp-content\/uploads\/2024\/02\/423472179_776430847152791_1822193093616469885_n-3-837x1024.jpg\" alt=\"\" class=\"wp-image-61\" srcset=\"https:\/\/www.inari-conseils.fr\/wp-content\/uploads\/2024\/02\/423472179_776430847152791_1822193093616469885_n-3-837x1024.jpg 837w, https:\/\/www.inari-conseils.fr\/wp-content\/uploads\/2024\/02\/423472179_776430847152791_1822193093616469885_n-3-245x300.jpg 245w, https:\/\/www.inari-conseils.fr\/wp-content\/uploads\/2024\/02\/423472179_776430847152791_1822193093616469885_n-3-768x940.jpg 768w, https:\/\/www.inari-conseils.fr\/wp-content\/uploads\/2024\/02\/423472179_776430847152791_1822193093616469885_n-3-1256x1536.jpg 1256w, https:\/\/www.inari-conseils.fr\/wp-content\/uploads\/2024\/02\/423472179_776430847152791_1822193093616469885_n-3.jpg 1500w\" sizes=\"auto, (max-width: 837px) 100vw, 837px\" \/><\/figure>\n\n\n\n<div class=\"wp-block-cover wp-duotone-unset-1\" style=\"min-height:449px;aspect-ratio:unset;\"><span aria-hidden=\"true\" class=\"wp-block-cover__background has-background-dim\" style=\"background-color:#717162\"><\/span><img loading=\"lazy\" decoding=\"async\" width=\"1333\" height=\"2000\" class=\"wp-block-cover__image-background wp-image-212\" alt=\"\" src=\"https:\/\/www.inari-conseils.fr\/wp-content\/uploads\/2024\/10\/veni-verdi-\u00a9marinebrusson-32-1.jpg\" data-object-fit=\"cover\" srcset=\"https:\/\/www.inari-conseils.fr\/wp-content\/uploads\/2024\/10\/veni-verdi-\u00a9marinebrusson-32-1.jpg 1333w, https:\/\/www.inari-conseils.fr\/wp-content\/uploads\/2024\/10\/veni-verdi-\u00a9marinebrusson-32-1-200x300.jpg 200w, https:\/\/www.inari-conseils.fr\/wp-content\/uploads\/2024\/10\/veni-verdi-\u00a9marinebrusson-32-1-682x1024.jpg 682w, https:\/\/www.inari-conseils.fr\/wp-content\/uploads\/2024\/10\/veni-verdi-\u00a9marinebrusson-32-1-768x1152.jpg 768w, https:\/\/www.inari-conseils.fr\/wp-content\/uploads\/2024\/10\/veni-verdi-\u00a9marinebrusson-32-1-1024x1536.jpg 1024w\" sizes=\"auto, (max-width: 1333px) 100vw, 1333px\" \/><div class=\"wp-block-cover__inner-container is-layout-flow wp-block-cover-is-layout-flow\">\n<p><\/p>\n\n\n\n<p><\/p>\n\n\n\n<p><\/p>\n\n\n\n<p><\/p>\n\n\n\n<p><\/p>\n\n\n\n<p><\/p>\n\n\n\n<p><\/p>\n\n\n\n<p><\/p>\n<\/div><\/div>\n<\/div>\n\n\n\n<div class=\"wp-block-column is-layout-flow wp-block-column-is-layout-flow\">\n<h2 class=\"wp-block-heading has-ti-fg-color has-text-color has-link-color wp-elements-e3aee6b2339566689b4d5216d667851f\">Margot-lys Duval<\/h2>\n\n\n\n<p class=\"has-text-align-left\" style=\"font-size:15px\"><br>Agronome sp\u00e9cialis\u00e9e en agro\u00e9cologie et sciences sociales, je poss\u00e8de une expertise de plus de 7 ans dans le domaine de l&#8217;agriculture urbaine.<\/p>\n\n\n\n<p class=\"has-text-align-left\" style=\"font-size:15px\">En tant que responsable d&#8217;une micro ferme urbaine p\u00e9dagogique de 4 500 m\u00b2,  j&#8217;ai acquis une v\u00e9ritable compr\u00e9hension des diff\u00e9rents enjeux de gestion d&#8217;un lieu en agriculture urbaine et une solide exp\u00e9rience en  pilotage de projet.<\/p>\n\n\n\n<p class=\"has-text-align-left\" style=\"font-size:15px\">Formatrice pour adultes,  j&#8217;ai con\u00e7u et dispens\u00e9 des cours sur des sujets \u00e0 la fois techniques (planification culturale, conduites des cultures, am\u00e9nagement des espaces&#8230;)  et de montage de projets (mod\u00e8le socio-\u00e9conomique dimensionnement de projet, mobilisation des acteurs&#8230;). <\/p>\n\n\n\n<p class=\"has-text-align-left\" style=\"font-size:15px\">J&#8217;ai \u00e9galement accompagn\u00e9 deux porteurs de projets dans la r\u00e9alisation de leur r\u00e9ponse \u00e0 l&#8217;appel \u00e0 projets Parisculteurs. Une aide gr\u00e2ce \u00e0 laquelle ils ont \u00e9t\u00e9 laur\u00e9ats de la 4eme \u00e9dition.<br><\/p>\n\n\n\n<p class=\"has-text-align-left\" style=\"font-size:15px\">Plus r\u00e9cemment, j&#8217;ai travaill\u00e9 dans une t\u00eate de r\u00e9seau nationale dans laquelle j&#8217;ai anim\u00e9 un r\u00e9seau de 130 r\u00e9gies de quartier et accompagn\u00e9  125 projets agricoles, alimentaires et de compostage de proximit\u00e9. Cette opportunit\u00e9 m&#8217;a donn\u00e9 l&#8217;occasion de consolider mon exp\u00e9rience en structuration d&#8217;initiatives autour de la transition \u00e9cologique et alimentaire.<\/p>\n<\/div>\n<\/div>\n\n\n\n<p style=\"font-size:10px\">Veni-Verdi-\u00a9MarineBrusson<\/p>\n\n\n\n<p style=\"font-size:15px\">Riche de toutes ses exp\u00e9riences, j&#8217;ai souhait\u00e9 continuer \u00e0 soutenir le montage et le d\u00e9veloppement de projets agri-alimentaires en cr\u00e9ant ma structure conseils Inari et en devenant associ\u00e9e et directrice g\u00e9n\u00e9rale de Ma Salade \u00e0 Toit.<\/p>\n\n\n\n<p style=\"font-size:15px\">En collaboration avec mon associ\u00e9,  je m&#8217;occupe du lancement de la ferme notamment de l&#8217;am\u00e9nagement de la toiture de 5 000 m\u00b2 qui comportera un volet production &#8211; restauration &#8211; p\u00e9dagogie et \u00e9v\u00e8nementiel.<\/p>\n\n\n\n<p class=\"has-text-align-center\" style=\"font-size:15px\"><strong>Comp\u00e9tences <\/strong><\/p>\n\n\n\n<ul class=\"wp-block-list\">\n<li style=\"font-size:15px\">D\u00e9marches participatives et outils d&#8217;intelligence collective<\/li>\n\n\n\n<li style=\"font-size:15px\">M\u00e9thodologie de montage de projets et op\u00e9rationnalisation des phases d&#8217;am\u00e9nagement<\/li>\n\n\n\n<li style=\"font-size:15px\">Diagnostic socio environnemental<\/li>\n\n\n\n<li style=\"font-size:15px\">Conception et animation de micro fermes urbaines<\/li>\n\n\n\n<li style=\"font-size:15px\">Techniques de cultures maraich\u00e8res durables et strat\u00e9gie de production <\/li>\n\n\n\n<li style=\"font-size:15px\">Participation des publics et mobilisation des partenaires<\/li>\n\n\n\n<li style=\"font-size:15px\">Montage de mod\u00e8les \u00e9conomiques hybrides avec activit\u00e9s marchantes et servicielles<\/li>\n\n\n\n<li style=\"font-size:15px\">Conception de jardins en permaculture (certification en permaculture)<\/li>\n<\/ul>\n","protected":false},"excerpt":{"rendered":"<p>Margot-lys Duval Agronome sp\u00e9cialis\u00e9e en agro\u00e9cologie et sciences sociales, je poss\u00e8de une expertise de plus de 7 ans dans le domaine de l&#8217;agriculture urbaine. En tant que responsable d&#8217;une micro ferme urbaine p\u00e9dagogique de 4 500 m\u00b2, j&#8217;ai acquis une v\u00e9ritable compr\u00e9hension des diff\u00e9rents enjeux de gestion d&#8217;un lieu en agriculture urbaine et une solide [&hellip;]<\/p>\n","protected":false},"author":1,"featured_media":0,"parent":0,"menu_order":0,"comment_status":"closed","ping_status":"closed","template":"","meta":{"footnotes":""},"class_list":["post-50","page","type-page","status-publish","hentry"],"_links":{"self":[{"href":"https:\/\/www.inari-conseils.fr\/index.php\/wp-json\/wp\/v2\/pages\/50","targetHints":{"allow":["GET"]}}],"collection":[{"href":"https:\/\/www.inari-conseils.fr\/index.php\/wp-json\/wp\/v2\/pages"}],"about":[{"href":"https:\/\/www.inari-conseils.fr\/index.php\/wp-json\/wp\/v2\/types\/page"}],"author":[{"embeddable":true,"href":"https:\/\/www.inari-conseils.fr\/index.php\/wp-json\/wp\/v2\/users\/1"}],"replies":[{"embeddable":true,"href":"https:\/\/www.inari-conseils.fr\/index.php\/wp-json\/wp\/v2\/comments?post=50"}],"version-history":[{"count":25,"href":"https:\/\/www.inari-conseils.fr\/index.php\/wp-json\/wp\/v2\/pages\/50\/revisions"}],"predecessor-version":[{"id":254,"href":"https:\/\/www.inari-conseils.fr\/index.php\/wp-json\/wp\/v2\/pages\/50\/revisions\/254"}],"wp:attachment":[{"href":"https:\/\/www.inari-conseils.fr\/index.php\/wp-json\/wp\/v2\/media?parent=50"}],"curies":[{"name":"wp","href":"https:\/\/api.w.org\/{rel}","templated":true}]}}