{"id":203,"date":"2024-10-24T15:11:18","date_gmt":"2024-10-24T13:11:18","guid":{"rendered":"https:\/\/www.inari-conseils.fr\/?page_id=203"},"modified":"2024-10-25T13:23:45","modified_gmt":"2024-10-25T11:23:45","slug":"mon-approche","status":"publish","type":"page","link":"https:\/\/www.inari-conseils.fr\/index.php\/mon-approche\/","title":{"rendered":"Mon approche"},"content":{"rendered":"\n<figure class=\"wp-block-image aligncenter size-large is-resized\"><img loading=\"lazy\" decoding=\"async\" width=\"1024\" height=\"683\" src=\"https:\/\/www.inari-conseils.fr\/wp-content\/uploads\/2024\/10\/pexels-airin-party-252379-767240-2-1024x683.jpg\" alt=\"\" class=\"wp-image-221\" style=\"width:487px;height:auto\" srcset=\"https:\/\/www.inari-conseils.fr\/wp-content\/uploads\/2024\/10\/pexels-airin-party-252379-767240-2-1024x683.jpg 1024w, https:\/\/www.inari-conseils.fr\/wp-content\/uploads\/2024\/10\/pexels-airin-party-252379-767240-2-300x200.jpg 300w, https:\/\/www.inari-conseils.fr\/wp-content\/uploads\/2024\/10\/pexels-airin-party-252379-767240-2-768x512.jpg 768w, https:\/\/www.inari-conseils.fr\/wp-content\/uploads\/2024\/10\/pexels-airin-party-252379-767240-2-1536x1024.jpg 1536w, https:\/\/www.inari-conseils.fr\/wp-content\/uploads\/2024\/10\/pexels-airin-party-252379-767240-2-2048x1365.jpg 2048w\" sizes=\"auto, (max-width: 1024px) 100vw, 1024px\" \/><\/figure>\n\n\n\n<p class=\"has-small-font-size\">Je vous accompagne sur toutes les phases de la d\u00e9marche projet, de l&#8217;id\u00e9e jusqu&#8217;\u00e0 la mise en \u0153uvre :<\/p>\n\n\n\n<ul class=\"wp-block-list\">\n<li style=\"font-size:16px\"><strong>Diagnostic <\/strong>: analyse des besoins, diagnostic agro technique, ancrage territorial : \u00e9cosyst\u00e8mes d&#8217;acteurs,  diagnostic des dynamiques urbaines, agricoles et alimentaires, d\u00e9finition de la gamme des possibles    <br> <em>Formats : entretiens, visites de terrain, visites de sites inspirants, \u00e9tudes documentaires <br>Exemples de livrables : benchmark, notes de synth\u00e8se et pr\u00e9conisations&#8230;<\/em><\/li>\n<\/ul>\n\n\n\n<ul class=\"wp-block-list\">\n<li class=\"has-small-font-size\"><strong>D\u00e9finition et dimensionnement du projet <\/strong>: \u00e9tude de faisabilit\u00e9 technico-\u00e9conomique, proposition de mod\u00e8les de fonctionnement <br><em>Formats : ateliers de co-construction collective, recherche et \u00e9tude documentaire<br>Exemples de livrables : plan d&#8217;actions, business plan&#8230;<\/em><\/li>\n<\/ul>\n\n\n\n<ul class=\"wp-block-list\">\n<li class=\"has-small-font-size\"><strong>Mobilisation des acteurs et cadrage <\/strong>: consultation des acteurs locaux et recalibrage du projet, identification des synergies possibles, implication participative des acteurs<br><em>Formats : entretiens, ateliers collectifs<br>Exemples de livrables : comptes-rendus d&#8217;ateliers, amendements de la proposition de projets<\/em><\/li>\n<\/ul>\n\n\n\n<ul class=\"wp-block-list\">\n<li class=\"has-small-font-size\"><strong>Conception :<\/strong> proposition d&#8217;am\u00e9nagement des espaces, conseils fournisseurs, conseils techniques, conception d\u00e9taill\u00e9e de l&#8217;offre p\u00e9dagogique et du projet de production <br><em>Formats  : r\u00e9unions, ateliers collectifs<br>Exemple de livrables :  pr\u00e9sentation d\u00e9taill\u00e9e du mod\u00e8le envisag\u00e9e<\/em>&#8230;<\/li>\n<\/ul>\n\n\n\n<ul class=\"wp-block-list\">\n<li class=\"has-small-font-size\"><strong>Mod\u00e8le \u00e9conomique et \u00e9valuation :<\/strong> \u00e9laboration du budget pr\u00e9visionnel et du plan de financements, d\u00e9finition d&#8217;indicateurs de suivi et d&#8217;\u00e9valuation du projet  <br><em>Formats  : r\u00e9unions, ateliers collectifs<br>Exemple de livrables :  budget pr\u00e9visionnel, plan de financements, m\u00e9thodologie de suivi&#8230;<\/em><\/li>\n<\/ul>\n\n\n\n<ul class=\"wp-block-list\">\n<li class=\"has-small-font-size\"><strong>Vie du projet : <\/strong>conseils sur les m\u00e9thodes culturales et la programmation p\u00e9dagogique, strat\u00e9gie de d\u00e9marchage et de mobilisation des partenaires et publics, mise en place d&#8217;outils de suivi et de pilotage du projet, accompagnements techniques des exploitants et formations<br><em> Formats  : r\u00e9unions, temps d&#8217;expertise, formations<br>Exemple de livrables : comptes-rendus des ateliers&#8230;<\/em><\/li>\n<\/ul>\n\n\n\n<p class=\"has-small-font-size\"><strong>Inari vous aide \u00e9galement \u00e0 identifier les futurs porteurs de projets de vos sites<\/strong>.<\/p>\n\n\n\n<p class=\"has-small-font-size\"><strong>Je travaille \u00e9galement en synergie avec des structures de mon r\u00e9seau (avocat, juriste, urbaniste, bureau d&#8217;\u00e9tudes&#8230;) pour vous proposer une expertise compl\u00e8te pour \u00e9laborer votre strat\u00e9gie.<\/strong><\/p>\n\n\n\n<p><\/p>\n","protected":false},"excerpt":{"rendered":"<p>Je vous accompagne sur toutes les phases de la d\u00e9marche projet, de l&#8217;id\u00e9e jusqu&#8217;\u00e0 la mise en \u0153uvre : Inari vous aide \u00e9galement \u00e0 identifier les futurs porteurs de projets de vos sites. Je travaille \u00e9galement en synergie avec des structures de mon r\u00e9seau (avocat, juriste, urbaniste, bureau d&#8217;\u00e9tudes&#8230;) pour vous proposer une expertise compl\u00e8te [&hellip;]<\/p>\n","protected":false},"author":1,"featured_media":0,"parent":0,"menu_order":0,"comment_status":"closed","ping_status":"closed","template":"","meta":{"footnotes":""},"class_list":["post-203","page","type-page","status-publish","hentry"],"_links":{"self":[{"href":"https:\/\/www.inari-conseils.fr\/index.php\/wp-json\/wp\/v2\/pages\/203","targetHints":{"allow":["GET"]}}],"collection":[{"href":"https:\/\/www.inari-conseils.fr\/index.php\/wp-json\/wp\/v2\/pages"}],"about":[{"href":"https:\/\/www.inari-conseils.fr\/index.php\/wp-json\/wp\/v2\/types\/page"}],"author":[{"embeddable":true,"href":"https:\/\/www.inari-conseils.fr\/index.php\/wp-json\/wp\/v2\/users\/1"}],"replies":[{"embeddable":true,"href":"https:\/\/www.inari-conseils.fr\/index.php\/wp-json\/wp\/v2\/comments?post=203"}],"version-history":[{"count":7,"href":"https:\/\/www.inari-conseils.fr\/index.php\/wp-json\/wp\/v2\/pages\/203\/revisions"}],"predecessor-version":[{"id":255,"href":"https:\/\/www.inari-conseils.fr\/index.php\/wp-json\/wp\/v2\/pages\/203\/revisions\/255"}],"wp:attachment":[{"href":"https:\/\/www.inari-conseils.fr\/index.php\/wp-json\/wp\/v2\/media?parent=203"}],"curies":[{"name":"wp","href":"https:\/\/api.w.org\/{rel}","templated":true}]}}