{"id":147,"date":"2024-03-01T12:20:33","date_gmt":"2024-03-01T11:20:33","guid":{"rendered":"http:\/\/www.inari-conseils.fr\/?page_id=147"},"modified":"2024-03-01T12:20:33","modified_gmt":"2024-03-01T11:20:33","slug":"mentions-legales","status":"publish","type":"page","link":"https:\/\/www.inari-conseils.fr\/index.php\/mentions-legales\/","title":{"rendered":"Mentions l\u00e9gales"},"content":{"rendered":"\n<p style=\"font-size:13px\">Conform\u00e9ment \u00e0 la loi du 21 juin 2004 sur la confiance dans l&#8217;\u00e9conomie num\u00e9rique, nous informons les visiteurs et utilisateurs du site Internet\u00a0<a href=\"http:\/\/www.inari-conseils.fr\/\">http:\/\/www.inari-conseils.fr\/<\/a> des \u00e9l\u00e9ments suivants :<\/p>\n\n\n\n<p style=\"font-size:13px\">\u00c9DITEUR<\/p>\n\n\n\n<p style=\"font-size:13px\">Le site <a href=\"http:\/\/www.inari-conseils.fr\/\">http:\/\/www.inari-conseils.fr\/<\/a> est la propri\u00e9t\u00e9 exclusive de Margot-lys Duval, \u00e9ditrice.<\/p>\n\n\n\n<p style=\"font-size:13px\">H\u00c9BERGEMENT<\/p>\n\n\n\n<p style=\"font-size:13px\">Le site est h\u00e9berg\u00e9 par :<\/p>\n\n\n\n<p style=\"font-size:13px\">OVH<\/p>\n\n\n\n<p style=\"font-size:13px\">2, rue Kellermann<\/p>\n\n\n\n<p style=\"font-size:13px\">59100 Roubaix, France<\/p>\n\n\n\n<p style=\"font-size:13px\">LIMITATION DE RESPONSABILIT\u00c9<\/p>\n\n\n\n<p style=\"font-size:13px\">Les informations contenues sur ce site sont aussi pr\u00e9cises que possibles et le site est p\u00e9riodiquement remis \u00e0 jour. Tout contenu t\u00e9l\u00e9charg\u00e9 se fait aux risques et p\u00e9rils de l&#8217;utilisateur et sous sa seule responsabilit\u00e9. En cons\u00e9quence,\u00a0<a href=\"http:\/\/www.inari-conseils.fr\/\">http:\/\/www.inari-conseils.fr\/<\/a>ne saurait \u00eatre tenu responsable d&#8217;un quelconque dommage subi par l&#8217;ordinateur de l&#8217;utilisateur ou d&#8217;une quelconque perte de donn\u00e9es cons\u00e9cutives au t\u00e9l\u00e9chargement. Les photos sont contractuelles. Les liens hypertextes mis en place dans le cadre du pr\u00e9sent site internet en direction d&#8217;autres ressources pr\u00e9sentes sur le r\u00e9seau internet ne sauraient engager la responsabilit\u00e9 de\u00a0<a href=\"http:\/\/www.inari-conseils.fr\/\">http:\/\/www.inari-conseils.fr\/<\/a><\/p>\n\n\n\n<p style=\"font-size:13px\">PROPRI\u00c9T\u00c9 INTELLECTUELLE<\/p>\n\n\n\n<p style=\"font-size:13px\">L\u2019ensemble de ce site rel\u00e8ve de la l\u00e9gislation fran\u00e7aise et internationale sur le droit d\u2019auteur et la propri\u00e9t\u00e9 intellectuelle. Tous les droits de reproduction sont r\u00e9serv\u00e9s, y compris les repr\u00e9sentations iconographiques et photographiques. La reproduction, adaptation et\/ou traduction de tout ou partie de ce site sur un support quel qu\u2019il soit, est formellement interdite sauf autorisation expresse de la directrice de la publication.<\/p>\n\n\n\n<p style=\"font-size:13px\">RESPECT DE LA LOI INFORMATIQUE ET LIBERT\u00c9S<\/p>\n\n\n\n<p style=\"font-size:13px\">Conform\u00e9ment \u00e0 la loi Informatique et Libert\u00e9s en date du 6 janvier 1978, vous disposez d&#8217;un droit d&#8217;acc\u00e8s, de rectification, de modification et de suppression concernant les donn\u00e9es qui vous concernent. Vous pouvez exercer ce droit en nous contactant.<\/p>\n","protected":false},"excerpt":{"rendered":"<p>Conform\u00e9ment \u00e0 la loi du 21 juin 2004 sur la confiance dans l&#8217;\u00e9conomie num\u00e9rique, nous informons les visiteurs et utilisateurs du site Internet\u00a0http:\/\/www.inari-conseils.fr\/ des \u00e9l\u00e9ments suivants : \u00c9DITEUR Le site http:\/\/www.inari-conseils.fr\/ est la propri\u00e9t\u00e9 exclusive de Margot-lys Duval, \u00e9ditrice. H\u00c9BERGEMENT Le site est h\u00e9berg\u00e9 par : OVH 2, rue Kellermann 59100 Roubaix, France LIMITATION DE [&hellip;]<\/p>\n","protected":false},"author":1,"featured_media":0,"parent":0,"menu_order":0,"comment_status":"closed","ping_status":"closed","template":"","meta":{"footnotes":""},"class_list":["post-147","page","type-page","status-publish","hentry"],"_links":{"self":[{"href":"https:\/\/www.inari-conseils.fr\/index.php\/wp-json\/wp\/v2\/pages\/147","targetHints":{"allow":["GET"]}}],"collection":[{"href":"https:\/\/www.inari-conseils.fr\/index.php\/wp-json\/wp\/v2\/pages"}],"about":[{"href":"https:\/\/www.inari-conseils.fr\/index.php\/wp-json\/wp\/v2\/types\/page"}],"author":[{"embeddable":true,"href":"https:\/\/www.inari-conseils.fr\/index.php\/wp-json\/wp\/v2\/users\/1"}],"replies":[{"embeddable":true,"href":"https:\/\/www.inari-conseils.fr\/index.php\/wp-json\/wp\/v2\/comments?post=147"}],"version-history":[{"count":1,"href":"https:\/\/www.inari-conseils.fr\/index.php\/wp-json\/wp\/v2\/pages\/147\/revisions"}],"predecessor-version":[{"id":148,"href":"https:\/\/www.inari-conseils.fr\/index.php\/wp-json\/wp\/v2\/pages\/147\/revisions\/148"}],"wp:attachment":[{"href":"https:\/\/www.inari-conseils.fr\/index.php\/wp-json\/wp\/v2\/media?parent=147"}],"curies":[{"name":"wp","href":"https:\/\/api.w.org\/{rel}","templated":true}]}}